{"id":456,"date":"2023-04-03T02:05:53","date_gmt":"2023-04-03T05:05:53","guid":{"rendered":"https:\/\/timpany.com.br\/?page_id=456"},"modified":"2023-04-22T04:36:59","modified_gmt":"2023-04-22T07:36:59","slug":"dicas-duvidas","status":"publish","type":"page","link":"https:\/\/timpany.com.br\/?page_id=456","title":{"rendered":"Dicas e D\u00favidas"},"content":{"rendered":"\t\t<div data-elementor-type=\"wp-page\" data-elementor-id=\"456\" class=\"elementor elementor-456\" data-elementor-post-type=\"page\">\n\t\t\t\t<div class=\"elementor-element elementor-element-685d26a e-flex e-con-boxed e-con e-parent\" data-id=\"685d26a\" data-element_type=\"container\" data-e-type=\"container\" data-settings=\"{&quot;background_background&quot;:&quot;classic&quot;}\">\n\t\t\t\t\t<div class=\"e-con-inner\">\n\t\t\t\t<div class=\"elementor-element elementor-element-4e519b2 elementor-widget elementor-widget-heading\" data-id=\"4e519b2\" data-element_type=\"widget\" data-e-type=\"widget\" data-widget_type=\"heading.default\">\n\t\t\t\t<div class=\"elementor-widget-container\">\n\t\t\t\t\t<h1 class=\"elementor-heading-title elementor-size-default\">Dicas e D\u00favidas<\/h1>\t\t\t\t<\/div>\n\t\t\t\t<\/div>\n\t\t\t\t\t<\/div>\n\t\t\t\t<\/div>\n\t\t<div class=\"elementor-element elementor-element-c876cbd e-flex e-con-boxed e-con e-parent\" data-id=\"c876cbd\" data-element_type=\"container\" data-e-type=\"container\" data-settings=\"{&quot;background_background&quot;:&quot;classic&quot;}\">\n\t\t\t\t\t<div class=\"e-con-inner\">\n\t\t\t\t<div class=\"elementor-element elementor-element-2698404 elementor-posts__hover-none posts-grid elementor-grid-3 elementor-grid-tablet-2 elementor-grid-mobile-1 elementor-posts--thumbnail-top elementor-widget elementor-widget-posts\" data-id=\"2698404\" data-element_type=\"widget\" data-e-type=\"widget\" data-settings=\"{&quot;cards_row_gap&quot;:{&quot;unit&quot;:&quot;px&quot;,&quot;size&quot;:30,&quot;sizes&quot;:[]},&quot;cards_row_gap_tablet&quot;:{&quot;unit&quot;:&quot;px&quot;,&quot;size&quot;:24,&quot;sizes&quot;:[]},&quot;cards_row_gap_mobile&quot;:{&quot;unit&quot;:&quot;px&quot;,&quot;size&quot;:30,&quot;sizes&quot;:[]},&quot;cards_columns&quot;:&quot;3&quot;,&quot;cards_columns_tablet&quot;:&quot;2&quot;,&quot;cards_columns_mobile&quot;:&quot;1&quot;}\" data-widget_type=\"posts.cards\">\n\t\t\t\t<div class=\"elementor-widget-container\">\n\t\t\t\t\t\t\t<div class=\"elementor-posts-container elementor-posts elementor-posts--skin-cards elementor-grid\" role=\"list\">\n\t\t\t\t<article class=\"elementor-post elementor-grid-item post-722 post type-post status-publish format-standard has-post-thumbnail hentry category-conteudo\" role=\"listitem\">\n\t\t\t<div class=\"elementor-post__card\">\n\t\t\t\t<a class=\"elementor-post__thumbnail__link\" href=\"https:\/\/timpany.com.br\/?p=722\" tabindex=\"-1\" ><div class=\"elementor-post__thumbnail\"><img fetchpriority=\"high\" decoding=\"async\" width=\"800\" height=\"393\" src=\"https:\/\/timpany.com.br\/wp-content\/uploads\/2023\/04\/blog-tipos-aparelhos-auditivos-1024x503.jpg\" class=\"attachment-large size-large wp-image-807\" alt=\"\" srcset=\"https:\/\/timpany.com.br\/wp-content\/uploads\/2023\/04\/blog-tipos-aparelhos-auditivos-1024x503.jpg 1024w, https:\/\/timpany.com.br\/wp-content\/uploads\/2023\/04\/blog-tipos-aparelhos-auditivos-300x147.jpg 300w, https:\/\/timpany.com.br\/wp-content\/uploads\/2023\/04\/blog-tipos-aparelhos-auditivos-768x377.jpg 768w, https:\/\/timpany.com.br\/wp-content\/uploads\/2023\/04\/blog-tipos-aparelhos-auditivos.jpg 1140w\" sizes=\"(max-width: 800px) 100vw, 800px\" \/><\/div><\/a>\n\t\t\t\t<div class=\"elementor-post__text\">\n\t\t\t\t<h2 class=\"elementor-post__title\">\n\t\t\t<a href=\"https:\/\/timpany.com.br\/?p=722\" >\n\t\t\t\tTipos de aparelhos auditivos: encontre o ideal para voc\u00ea!\t\t\t<\/a>\n\t\t<\/h2>\n\t\t\t\t<div class=\"elementor-post__excerpt\">\n\t\t\t<p>Quem come\u00e7a a buscar por tipos de aparelho auditivo para adquirir um novo ou pensa em renovar o aparelho que j\u00e1 faz uso, observa que<\/p>\n\t\t<\/div>\n\t\t\t\t\t<div class=\"elementor-post__read-more-wrapper\">\n\t\t\n\t\t<a class=\"elementor-post__read-more\" href=\"https:\/\/timpany.com.br\/?p=722\" aria-label=\"Leia mais sobre Tipos de aparelhos auditivos: encontre o ideal para voc\u00ea!\" tabindex=\"-1\" >\n\t\t\tLeia mais \u00bb\t\t<\/a>\n\n\t\t\t\t\t<\/div>\n\t\t\t\t<\/div>\n\t\t\t\t\t<\/div>\n\t\t<\/article>\n\t\t\t\t<article class=\"elementor-post elementor-grid-item post-720 post type-post status-publish format-standard has-post-thumbnail hentry category-conteudo\" role=\"listitem\">\n\t\t\t<div class=\"elementor-post__card\">\n\t\t\t\t<a class=\"elementor-post__thumbnail__link\" href=\"https:\/\/timpany.com.br\/?p=720\" tabindex=\"-1\" ><div class=\"elementor-post__thumbnail\"><img decoding=\"async\" width=\"800\" height=\"393\" src=\"https:\/\/timpany.com.br\/wp-content\/uploads\/2023\/04\/blog-mitos-verdades-aparelhos-auditivos-1024x503.jpg\" class=\"attachment-large size-large wp-image-806\" alt=\"\" srcset=\"https:\/\/timpany.com.br\/wp-content\/uploads\/2023\/04\/blog-mitos-verdades-aparelhos-auditivos-1024x503.jpg 1024w, https:\/\/timpany.com.br\/wp-content\/uploads\/2023\/04\/blog-mitos-verdades-aparelhos-auditivos-300x147.jpg 300w, https:\/\/timpany.com.br\/wp-content\/uploads\/2023\/04\/blog-mitos-verdades-aparelhos-auditivos-768x377.jpg 768w, https:\/\/timpany.com.br\/wp-content\/uploads\/2023\/04\/blog-mitos-verdades-aparelhos-auditivos.jpg 1140w\" sizes=\"(max-width: 800px) 100vw, 800px\" \/><\/div><\/a>\n\t\t\t\t<div class=\"elementor-post__text\">\n\t\t\t\t<h2 class=\"elementor-post__title\">\n\t\t\t<a href=\"https:\/\/timpany.com.br\/?p=720\" >\n\t\t\t\tMitos e verdades sobre aparelhos auditivos\t\t\t<\/a>\n\t\t<\/h2>\n\t\t\t\t<div class=\"elementor-post__excerpt\">\n\t\t\t<p>\u00c9 verdade que a perda auditiva tem influencia na minha sa\u00fade mental? Estudos recentes mostram que a perda auditiva gera impacto na sa\u00fade mental, sendo<\/p>\n\t\t<\/div>\n\t\t\t\t\t<div class=\"elementor-post__read-more-wrapper\">\n\t\t\n\t\t<a class=\"elementor-post__read-more\" href=\"https:\/\/timpany.com.br\/?p=720\" aria-label=\"Leia mais sobre Mitos e verdades sobre aparelhos auditivos\" tabindex=\"-1\" >\n\t\t\tLeia mais \u00bb\t\t<\/a>\n\n\t\t\t\t\t<\/div>\n\t\t\t\t<\/div>\n\t\t\t\t\t<\/div>\n\t\t<\/article>\n\t\t\t\t<article class=\"elementor-post elementor-grid-item post-718 post type-post status-publish format-standard has-post-thumbnail hentry category-conteudo\" role=\"listitem\">\n\t\t\t<div class=\"elementor-post__card\">\n\t\t\t\t<a class=\"elementor-post__thumbnail__link\" href=\"https:\/\/timpany.com.br\/?p=718\" tabindex=\"-1\" ><div class=\"elementor-post__thumbnail\"><img decoding=\"async\" width=\"800\" height=\"393\" src=\"https:\/\/timpany.com.br\/wp-content\/uploads\/2023\/04\/blog-vida-util-aparelhos-auditivos-1024x503.jpg\" class=\"attachment-large size-large wp-image-805\" alt=\"\" srcset=\"https:\/\/timpany.com.br\/wp-content\/uploads\/2023\/04\/blog-vida-util-aparelhos-auditivos-1024x503.jpg 1024w, https:\/\/timpany.com.br\/wp-content\/uploads\/2023\/04\/blog-vida-util-aparelhos-auditivos-300x147.jpg 300w, https:\/\/timpany.com.br\/wp-content\/uploads\/2023\/04\/blog-vida-util-aparelhos-auditivos-768x377.jpg 768w, https:\/\/timpany.com.br\/wp-content\/uploads\/2023\/04\/blog-vida-util-aparelhos-auditivos.jpg 1140w\" sizes=\"(max-width: 800px) 100vw, 800px\" \/><\/div><\/a>\n\t\t\t\t<div class=\"elementor-post__text\">\n\t\t\t\t<h2 class=\"elementor-post__title\">\n\t\t\t<a href=\"https:\/\/timpany.com.br\/?p=718\" >\n\t\t\t\tQual a vida \u00fatil dos aparelhos auditivos?\t\t\t<\/a>\n\t\t<\/h2>\n\t\t\t\t<div class=\"elementor-post__excerpt\">\n\t\t\t<p>A partir do momento que os aparelhos auditivos passam a fazer parte da vida de uma pessoa, \u00e9 comum que ela se pergunte por quanto<\/p>\n\t\t<\/div>\n\t\t\t\t\t<div class=\"elementor-post__read-more-wrapper\">\n\t\t\n\t\t<a class=\"elementor-post__read-more\" href=\"https:\/\/timpany.com.br\/?p=718\" aria-label=\"Leia mais sobre Qual a vida \u00fatil dos aparelhos auditivos?\" tabindex=\"-1\" >\n\t\t\tLeia mais \u00bb\t\t<\/a>\n\n\t\t\t\t\t<\/div>\n\t\t\t\t<\/div>\n\t\t\t\t\t<\/div>\n\t\t<\/article>\n\t\t\t\t<article class=\"elementor-post elementor-grid-item post-716 post type-post status-publish format-standard has-post-thumbnail hentry category-conteudo\" role=\"listitem\">\n\t\t\t<div class=\"elementor-post__card\">\n\t\t\t\t<a class=\"elementor-post__thumbnail__link\" href=\"https:\/\/timpany.com.br\/?p=716\" tabindex=\"-1\" ><div class=\"elementor-post__thumbnail\"><img loading=\"lazy\" decoding=\"async\" width=\"800\" height=\"393\" src=\"https:\/\/timpany.com.br\/wp-content\/uploads\/2023\/04\/blog-preco-aparelho-auditivo-1024x503.jpg\" class=\"attachment-large size-large wp-image-804\" alt=\"\" srcset=\"https:\/\/timpany.com.br\/wp-content\/uploads\/2023\/04\/blog-preco-aparelho-auditivo-1024x503.jpg 1024w, https:\/\/timpany.com.br\/wp-content\/uploads\/2023\/04\/blog-preco-aparelho-auditivo-300x147.jpg 300w, https:\/\/timpany.com.br\/wp-content\/uploads\/2023\/04\/blog-preco-aparelho-auditivo-768x377.jpg 768w, https:\/\/timpany.com.br\/wp-content\/uploads\/2023\/04\/blog-preco-aparelho-auditivo.jpg 1140w\" sizes=\"(max-width: 800px) 100vw, 800px\" \/><\/div><\/a>\n\t\t\t\t<div class=\"elementor-post__text\">\n\t\t\t\t<h2 class=\"elementor-post__title\">\n\t\t\t<a href=\"https:\/\/timpany.com.br\/?p=716\" >\n\t\t\t\tQual o pre\u00e7o de um aparelho auditivo?\t\t\t<\/a>\n\t\t<\/h2>\n\t\t\t\t<div class=\"elementor-post__excerpt\">\n\t\t\t<p>Saber qual \u00e9 o pre\u00e7o de um aparelho auditivo e escolher o modelo ideal permite, al\u00e9m de voltar a ouvir, mais tranquilidade e garantia de<\/p>\n\t\t<\/div>\n\t\t\t\t\t<div class=\"elementor-post__read-more-wrapper\">\n\t\t\n\t\t<a class=\"elementor-post__read-more\" href=\"https:\/\/timpany.com.br\/?p=716\" aria-label=\"Leia mais sobre Qual o pre\u00e7o de um aparelho auditivo?\" tabindex=\"-1\" >\n\t\t\tLeia mais \u00bb\t\t<\/a>\n\n\t\t\t\t\t<\/div>\n\t\t\t\t<\/div>\n\t\t\t\t\t<\/div>\n\t\t<\/article>\n\t\t\t\t<article class=\"elementor-post elementor-grid-item post-714 post type-post status-publish format-standard has-post-thumbnail hentry category-conteudo\" role=\"listitem\">\n\t\t\t<div class=\"elementor-post__card\">\n\t\t\t\t<a class=\"elementor-post__thumbnail__link\" href=\"https:\/\/timpany.com.br\/?p=714\" tabindex=\"-1\" ><div class=\"elementor-post__thumbnail\"><img loading=\"lazy\" decoding=\"async\" width=\"800\" height=\"393\" src=\"https:\/\/timpany.com.br\/wp-content\/uploads\/2023\/04\/blog-zumbido-ouvido-tem-cura-1024x503.jpg\" class=\"attachment-large size-large wp-image-803\" alt=\"\" srcset=\"https:\/\/timpany.com.br\/wp-content\/uploads\/2023\/04\/blog-zumbido-ouvido-tem-cura-1024x503.jpg 1024w, https:\/\/timpany.com.br\/wp-content\/uploads\/2023\/04\/blog-zumbido-ouvido-tem-cura-300x147.jpg 300w, https:\/\/timpany.com.br\/wp-content\/uploads\/2023\/04\/blog-zumbido-ouvido-tem-cura-768x377.jpg 768w, https:\/\/timpany.com.br\/wp-content\/uploads\/2023\/04\/blog-zumbido-ouvido-tem-cura.jpg 1140w\" sizes=\"(max-width: 800px) 100vw, 800px\" \/><\/div><\/a>\n\t\t\t\t<div class=\"elementor-post__text\">\n\t\t\t\t<h2 class=\"elementor-post__title\">\n\t\t\t<a href=\"https:\/\/timpany.com.br\/?p=714\" >\n\t\t\t\tZumbido no ouvido tem cura?\t\t\t<\/a>\n\t\t<\/h2>\n\t\t\t\t<div class=\"elementor-post__excerpt\">\n\t\t\t<p>Voc\u00ea sofre com o irritante zumbido no ouvido? Hoje vamos te contar tudo sobre o tinnitus, um dos sintomas da perda de audi\u00e7\u00e3o. Acredita-se que<\/p>\n\t\t<\/div>\n\t\t\t\t\t<div class=\"elementor-post__read-more-wrapper\">\n\t\t\n\t\t<a class=\"elementor-post__read-more\" href=\"https:\/\/timpany.com.br\/?p=714\" aria-label=\"Leia mais sobre Zumbido no ouvido tem cura?\" tabindex=\"-1\" >\n\t\t\tLeia mais \u00bb\t\t<\/a>\n\n\t\t\t\t\t<\/div>\n\t\t\t\t<\/div>\n\t\t\t\t\t<\/div>\n\t\t<\/article>\n\t\t\t\t<article class=\"elementor-post elementor-grid-item post-712 post type-post status-publish format-standard has-post-thumbnail hentry category-conteudo\" role=\"listitem\">\n\t\t\t<div class=\"elementor-post__card\">\n\t\t\t\t<a class=\"elementor-post__thumbnail__link\" href=\"https:\/\/timpany.com.br\/?p=712\" tabindex=\"-1\" ><div class=\"elementor-post__thumbnail\"><img loading=\"lazy\" decoding=\"async\" width=\"800\" height=\"393\" src=\"https:\/\/timpany.com.br\/wp-content\/uploads\/2023\/04\/blog-perda-audicao-acelera-declinio-funcoes-cerebrais-adultos-1024x503.jpg\" class=\"attachment-large size-large wp-image-802\" alt=\"\" srcset=\"https:\/\/timpany.com.br\/wp-content\/uploads\/2023\/04\/blog-perda-audicao-acelera-declinio-funcoes-cerebrais-adultos-1024x503.jpg 1024w, https:\/\/timpany.com.br\/wp-content\/uploads\/2023\/04\/blog-perda-audicao-acelera-declinio-funcoes-cerebrais-adultos-300x147.jpg 300w, https:\/\/timpany.com.br\/wp-content\/uploads\/2023\/04\/blog-perda-audicao-acelera-declinio-funcoes-cerebrais-adultos-768x377.jpg 768w, https:\/\/timpany.com.br\/wp-content\/uploads\/2023\/04\/blog-perda-audicao-acelera-declinio-funcoes-cerebrais-adultos.jpg 1140w\" sizes=\"(max-width: 800px) 100vw, 800px\" \/><\/div><\/a>\n\t\t\t\t<div class=\"elementor-post__text\">\n\t\t\t\t<h2 class=\"elementor-post__title\">\n\t\t\t<a href=\"https:\/\/timpany.com.br\/?p=712\" >\n\t\t\t\tPerda de audi\u00e7\u00e3o acelera decl\u00ednio de fun\u00e7\u00f5es cerebrais em adultos\t\t\t<\/a>\n\t\t<\/h2>\n\t\t\t\t<div class=\"elementor-post__excerpt\">\n\t\t\t<p>Adultos com perda de audi\u00e7\u00e3o s\u00e3o mais suscet\u00edveis ao desenvolvimento de problemas de mem\u00f3ria e nas fun\u00e7\u00f5es cognitivas, segundo um novo estudo da Universidade Johns<\/p>\n\t\t<\/div>\n\t\t\t\t\t<div class=\"elementor-post__read-more-wrapper\">\n\t\t\n\t\t<a class=\"elementor-post__read-more\" href=\"https:\/\/timpany.com.br\/?p=712\" aria-label=\"Leia mais sobre Perda de audi\u00e7\u00e3o acelera decl\u00ednio de fun\u00e7\u00f5es cerebrais em adultos\" tabindex=\"-1\" >\n\t\t\tLeia mais \u00bb\t\t<\/a>\n\n\t\t\t\t\t<\/div>\n\t\t\t\t<\/div>\n\t\t\t\t\t<\/div>\n\t\t<\/article>\n\t\t\t\t<article class=\"elementor-post elementor-grid-item post-710 post type-post status-publish format-standard has-post-thumbnail hentry category-conteudo\" role=\"listitem\">\n\t\t\t<div class=\"elementor-post__card\">\n\t\t\t\t<a class=\"elementor-post__thumbnail__link\" href=\"https:\/\/timpany.com.br\/?p=710\" tabindex=\"-1\" ><div class=\"elementor-post__thumbnail\"><img loading=\"lazy\" decoding=\"async\" width=\"800\" height=\"393\" src=\"https:\/\/timpany.com.br\/wp-content\/uploads\/2023\/04\/blog-menor-osso-corpo-humano-localizado-dentro-ouvido-1024x503.jpg\" class=\"attachment-large size-large wp-image-801\" alt=\"\" srcset=\"https:\/\/timpany.com.br\/wp-content\/uploads\/2023\/04\/blog-menor-osso-corpo-humano-localizado-dentro-ouvido-1024x503.jpg 1024w, https:\/\/timpany.com.br\/wp-content\/uploads\/2023\/04\/blog-menor-osso-corpo-humano-localizado-dentro-ouvido-300x147.jpg 300w, https:\/\/timpany.com.br\/wp-content\/uploads\/2023\/04\/blog-menor-osso-corpo-humano-localizado-dentro-ouvido-768x377.jpg 768w, https:\/\/timpany.com.br\/wp-content\/uploads\/2023\/04\/blog-menor-osso-corpo-humano-localizado-dentro-ouvido.jpg 1140w\" sizes=\"(max-width: 800px) 100vw, 800px\" \/><\/div><\/a>\n\t\t\t\t<div class=\"elementor-post__text\">\n\t\t\t\t<h2 class=\"elementor-post__title\">\n\t\t\t<a href=\"https:\/\/timpany.com.br\/?p=710\" >\n\t\t\t\tVoc\u00ea sabia que o menor osso do corpo humano est\u00e1 localizado dentro do ouvido?\t\t\t<\/a>\n\t\t<\/h2>\n\t\t\t\t<div class=\"elementor-post__excerpt\">\n\t\t\t<p>Junto com a bigorna e o martelo, o estribo forma o conjunto de ossos respons\u00e1vel pela audi\u00e7\u00e3o humana, os famosos e popularmente conhecidos como \u201cossinhos\u201d<\/p>\n\t\t<\/div>\n\t\t\t\t\t<div class=\"elementor-post__read-more-wrapper\">\n\t\t\n\t\t<a class=\"elementor-post__read-more\" href=\"https:\/\/timpany.com.br\/?p=710\" aria-label=\"Leia mais sobre Voc\u00ea sabia que o menor osso do corpo humano est\u00e1 localizado dentro do ouvido?\" tabindex=\"-1\" >\n\t\t\tLeia mais \u00bb\t\t<\/a>\n\n\t\t\t\t\t<\/div>\n\t\t\t\t<\/div>\n\t\t\t\t\t<\/div>\n\t\t<\/article>\n\t\t\t\t<article class=\"elementor-post elementor-grid-item post-708 post type-post status-publish format-standard has-post-thumbnail hentry category-conteudo\" role=\"listitem\">\n\t\t\t<div class=\"elementor-post__card\">\n\t\t\t\t<a class=\"elementor-post__thumbnail__link\" href=\"https:\/\/timpany.com.br\/?p=708\" tabindex=\"-1\" ><div class=\"elementor-post__thumbnail\"><img loading=\"lazy\" decoding=\"async\" width=\"800\" height=\"393\" src=\"https:\/\/timpany.com.br\/wp-content\/uploads\/2023\/04\/blog-perguntas-frequentes-audicao-reabilitacao-auditiva-1024x503.jpg\" class=\"attachment-large size-large wp-image-800\" alt=\"\" srcset=\"https:\/\/timpany.com.br\/wp-content\/uploads\/2023\/04\/blog-perguntas-frequentes-audicao-reabilitacao-auditiva-1024x503.jpg 1024w, https:\/\/timpany.com.br\/wp-content\/uploads\/2023\/04\/blog-perguntas-frequentes-audicao-reabilitacao-auditiva-300x147.jpg 300w, https:\/\/timpany.com.br\/wp-content\/uploads\/2023\/04\/blog-perguntas-frequentes-audicao-reabilitacao-auditiva-768x377.jpg 768w, https:\/\/timpany.com.br\/wp-content\/uploads\/2023\/04\/blog-perguntas-frequentes-audicao-reabilitacao-auditiva.jpg 1140w\" sizes=\"(max-width: 800px) 100vw, 800px\" \/><\/div><\/a>\n\t\t\t\t<div class=\"elementor-post__text\">\n\t\t\t\t<h2 class=\"elementor-post__title\">\n\t\t\t<a href=\"https:\/\/timpany.com.br\/?p=708\" >\n\t\t\t\tPerguntas frequentes sobre audi\u00e7\u00e3o e reabilita\u00e7\u00e3o auditiva\t\t\t<\/a>\n\t\t<\/h2>\n\t\t\t\t<div class=\"elementor-post__excerpt\">\n\t\t\t<p>Conhe\u00e7a abaixo as respostas para algumas das perguntas frequentes que recebemos sobre audi\u00e7\u00e3o, reabilita\u00e7\u00e3o auditiva, aparelhos auditivos e zumbido no ouvido. Caso tenha outra d\u00favida,<\/p>\n\t\t<\/div>\n\t\t\t\t\t<div class=\"elementor-post__read-more-wrapper\">\n\t\t\n\t\t<a class=\"elementor-post__read-more\" href=\"https:\/\/timpany.com.br\/?p=708\" aria-label=\"Leia mais sobre Perguntas frequentes sobre audi\u00e7\u00e3o e reabilita\u00e7\u00e3o auditiva\" tabindex=\"-1\" >\n\t\t\tLeia mais \u00bb\t\t<\/a>\n\n\t\t\t\t\t<\/div>\n\t\t\t\t<\/div>\n\t\t\t\t\t<\/div>\n\t\t<\/article>\n\t\t\t\t<\/div>\n\t\t\n\t\t\t\t\t\t<\/div>\n\t\t\t\t<\/div>\n\t\t\t\t\t<\/div>\n\t\t\t\t<\/div>\n\t\t<div class=\"elementor-element elementor-element-6344b1f e-con-full e-flex e-con e-parent\" data-id=\"6344b1f\" data-element_type=\"container\" data-e-type=\"container\">\n\t\t\t\t<div class=\"elementor-element elementor-element-d4d3d01 elementor-widget elementor-widget-template\" data-id=\"d4d3d01\" data-element_type=\"widget\" data-e-type=\"widget\" data-widget_type=\"template.default\">\n\t\t\t\t<div class=\"elementor-widget-container\">\n\t\t\t\t\t\t\t<div class=\"elementor-template\">\n\t\t\t\t\t<div data-elementor-type=\"section\" data-elementor-id=\"1012\" class=\"elementor elementor-1012\" data-elementor-post-type=\"elementor_library\">\n\t\t\t<div class=\"elementor-element elementor-element-3869d69 e-flex e-con-boxed e-con e-parent\" data-id=\"3869d69\" data-element_type=\"container\" data-e-type=\"container\" data-settings=\"{&quot;background_background&quot;:&quot;classic&quot;}\">\n\t\t\t\t\t<div class=\"e-con-inner\">\n\t\t\t\t<div class=\"elementor-element elementor-element-b8925c9 elementor-widget-tablet__width-initial elementor-widget elementor-widget-heading\" data-id=\"b8925c9\" data-element_type=\"widget\" data-e-type=\"widget\" data-widget_type=\"heading.default\">\n\t\t\t\t<div class=\"elementor-widget-container\">\n\t\t\t\t\t<h3 class=\"elementor-heading-title elementor-size-default\">Agende seu hor\u00e1rio e teste gratuitamente nossas Solu\u00e7\u00f5es Auditivas!<\/h3>\t\t\t\t<\/div>\n\t\t\t\t<\/div>\n\t\t\t\t<div class=\"elementor-element elementor-element-f9d0847 elementor-tablet-align-center elementor-widget elementor-widget-button\" data-id=\"f9d0847\" data-element_type=\"widget\" data-e-type=\"widget\" data-widget_type=\"button.default\">\n\t\t\t\t<div class=\"elementor-widget-container\">\n\t\t\t\t\t\t\t\t\t<div class=\"elementor-button-wrapper\">\n\t\t\t\t\t<a class=\"elementor-button elementor-button-link elementor-size-sm\" href=\"#elementor-action%3Aaction%3Dpopup%3Aopen%26settings%3DeyJpZCI6IjU1MSIsInRvZ2dsZSI6ZmFsc2V9\">\n\t\t\t\t\t\t<span class=\"elementor-button-content-wrapper\">\n\t\t\t\t\t\t\t\t\t<span class=\"elementor-button-text\">Agendar Agora<\/span>\n\t\t\t\t\t<\/span>\n\t\t\t\t\t<\/a>\n\t\t\t\t<\/div>\n\t\t\t\t\t\t\t\t<\/div>\n\t\t\t\t<\/div>\n\t\t\t\t\t<\/div>\n\t\t\t\t<\/div>\n\t\t\t\t<\/div>\n\t\t\t\t<\/div>\n\t\t\t\t\t\t<\/div>\n\t\t\t\t<\/div>\n\t\t\t\t<\/div>\n\t\t\t\t<\/div>\n\t\t","protected":false},"excerpt":{"rendered":"<p>Dicas e D\u00favidas<\/p>\n","protected":false},"author":1,"featured_media":0,"parent":0,"menu_order":0,"comment_status":"closed","ping_status":"closed","template":"elementor_header_footer","meta":{"footnotes":""},"class_list":["post-456","page","type-page","status-publish","hentry"],"_links":{"self":[{"href":"https:\/\/timpany.com.br\/index.php?rest_route=\/wp\/v2\/pages\/456","targetHints":{"allow":["GET"]}}],"collection":[{"href":"https:\/\/timpany.com.br\/index.php?rest_route=\/wp\/v2\/pages"}],"about":[{"href":"https:\/\/timpany.com.br\/index.php?rest_route=\/wp\/v2\/types\/page"}],"author":[{"embeddable":true,"href":"https:\/\/timpany.com.br\/index.php?rest_route=\/wp\/v2\/users\/1"}],"replies":[{"embeddable":true,"href":"https:\/\/timpany.com.br\/index.php?rest_route=%2Fwp%2Fv2%2Fcomments&post=456"}],"version-history":[{"count":29,"href":"https:\/\/timpany.com.br\/index.php?rest_route=\/wp\/v2\/pages\/456\/revisions"}],"predecessor-version":[{"id":1049,"href":"https:\/\/timpany.com.br\/index.php?rest_route=\/wp\/v2\/pages\/456\/revisions\/1049"}],"wp:attachment":[{"href":"https:\/\/timpany.com.br\/index.php?rest_route=%2Fwp%2Fv2%2Fmedia&parent=456"}],"curies":[{"name":"wp","href":"https:\/\/api.w.org\/{rel}","templated":true}]}}