{"id":454,"date":"2023-04-03T01:18:02","date_gmt":"2023-04-03T04:18:02","guid":{"rendered":"https:\/\/timpany.com.br\/?page_id=454"},"modified":"2023-04-24T04:10:06","modified_gmt":"2023-04-24T07:10:06","slug":"pilhas-e-acessorios","status":"publish","type":"page","link":"https:\/\/timpany.com.br\/?page_id=454","title":{"rendered":"Pilhas e Acess\u00f3rios"},"content":{"rendered":"\t\t<div data-elementor-type=\"wp-page\" data-elementor-id=\"454\" class=\"elementor elementor-454\" data-elementor-post-type=\"page\">\n\t\t\t\t<div class=\"elementor-element elementor-element-f60610c e-flex e-con-boxed e-con e-parent\" data-id=\"f60610c\" data-element_type=\"container\" data-e-type=\"container\" data-settings=\"{&quot;background_background&quot;:&quot;classic&quot;}\">\n\t\t\t\t\t<div class=\"e-con-inner\">\n\t\t\t\t<div class=\"elementor-element elementor-element-e1b68b1 elementor-widget elementor-widget-heading\" data-id=\"e1b68b1\" data-element_type=\"widget\" data-e-type=\"widget\" data-widget_type=\"heading.default\">\n\t\t\t\t<div class=\"elementor-widget-container\">\n\t\t\t\t\t<h1 class=\"elementor-heading-title elementor-size-default\">Pilhas e Acess\u00f3rios<\/h1>\t\t\t\t<\/div>\n\t\t\t\t<\/div>\n\t\t\t\t\t<\/div>\n\t\t\t\t<\/div>\n\t\t<div class=\"elementor-element elementor-element-279eb78 e-flex e-con-boxed e-con e-parent\" data-id=\"279eb78\" data-element_type=\"container\" data-e-type=\"container\">\n\t\t\t\t\t<div class=\"e-con-inner\">\n\t\t<div class=\"elementor-element elementor-element-d2f1bbe e-con-full e-flex e-con e-parent\" data-id=\"d2f1bbe\" data-element_type=\"container\" data-e-type=\"container\">\n\t\t\t\t<div class=\"elementor-element elementor-element-b104e6f elementor-widget elementor-widget-heading\" data-id=\"b104e6f\" data-element_type=\"widget\" data-e-type=\"widget\" data-widget_type=\"heading.default\">\n\t\t\t\t<div class=\"elementor-widget-container\">\n\t\t\t\t\t<h2 class=\"elementor-heading-title elementor-size-default\">Pilhas para Aparelhos Auditivos\n<\/h2>\t\t\t\t<\/div>\n\t\t\t\t<\/div>\n\t\t\t\t<div class=\"elementor-element elementor-element-1eee683 elementor-widget elementor-widget-text-editor\" data-id=\"1eee683\" data-element_type=\"widget\" data-e-type=\"widget\" data-widget_type=\"text-editor.default\">\n\t\t\t\t<div class=\"elementor-widget-container\">\n\t\t\t\t\t\t\t\t\t<p>As pilhas de Zinco-Ar (zinc-air) s\u00e3o espec\u00edficas para aparelhos auditivos, permitindo <strong>maior desempenho e melhor funcionamento<\/strong>. Ativadas em contato com o ar, existem quatro tamanhos:<\/p><ul><li>675 (embalagem azul)<\/li><li>13 (embalagem laranja)<\/li><li>312 (embalagem marrom)<\/li><li>10 (embalagem amarela)<\/li><\/ul>\t\t\t\t\t\t\t\t<\/div>\n\t\t\t\t<\/div>\n\t\t\t\t<\/div>\n\t\t<div class=\"elementor-element elementor-element-80f1fc5 e-con-full e-flex e-con e-parent\" data-id=\"80f1fc5\" data-element_type=\"container\" data-e-type=\"container\">\n\t\t\t\t<div class=\"elementor-element elementor-element-a436c87 elementor-widget elementor-widget-image\" data-id=\"a436c87\" data-element_type=\"widget\" data-e-type=\"widget\" data-widget_type=\"image.default\">\n\t\t\t\t<div class=\"elementor-widget-container\">\n\t\t\t\t\t\t\t\t\t\t\t\t\t\t\t<img fetchpriority=\"high\" decoding=\"async\" width=\"944\" height=\"612\" src=\"https:\/\/timpany.com.br\/wp-content\/uploads\/2023\/04\/produtos-acessorios-pilhas.jpg\" class=\"attachment-full size-full wp-image-1141\" alt=\"\" srcset=\"https:\/\/timpany.com.br\/wp-content\/uploads\/2023\/04\/produtos-acessorios-pilhas.jpg 944w, https:\/\/timpany.com.br\/wp-content\/uploads\/2023\/04\/produtos-acessorios-pilhas-300x194.jpg 300w, https:\/\/timpany.com.br\/wp-content\/uploads\/2023\/04\/produtos-acessorios-pilhas-768x498.jpg 768w\" sizes=\"(max-width: 944px) 100vw, 944px\" \/>\t\t\t\t\t\t\t\t\t\t\t\t\t\t\t<\/div>\n\t\t\t\t<\/div>\n\t\t\t\t<\/div>\n\t\t\t\t\t<\/div>\n\t\t\t\t<\/div>\n\t\t<div class=\"elementor-element elementor-element-58e5e4b e-flex e-con-boxed e-con e-parent\" data-id=\"58e5e4b\" data-element_type=\"container\" data-e-type=\"container\">\n\t\t\t\t\t<div class=\"e-con-inner\">\n\t\t<div class=\"elementor-element elementor-element-b0b8fa9 e-con-full e-flex e-con e-parent\" data-id=\"b0b8fa9\" data-element_type=\"container\" data-e-type=\"container\">\n\t\t\t\t<div class=\"elementor-element elementor-element-784cf32 elementor-widget elementor-widget-image\" data-id=\"784cf32\" data-element_type=\"widget\" data-e-type=\"widget\" data-widget_type=\"image.default\">\n\t\t\t\t<div class=\"elementor-widget-container\">\n\t\t\t\t\t\t\t\t\t\t\t\t\t\t\t<img decoding=\"async\" width=\"944\" height=\"612\" src=\"https:\/\/timpany.com.br\/wp-content\/uploads\/2023\/04\/produtos-acessorios-tv-connector.jpg\" class=\"attachment-full size-full wp-image-1142\" alt=\"\" srcset=\"https:\/\/timpany.com.br\/wp-content\/uploads\/2023\/04\/produtos-acessorios-tv-connector.jpg 944w, https:\/\/timpany.com.br\/wp-content\/uploads\/2023\/04\/produtos-acessorios-tv-connector-300x194.jpg 300w, https:\/\/timpany.com.br\/wp-content\/uploads\/2023\/04\/produtos-acessorios-tv-connector-768x498.jpg 768w\" sizes=\"(max-width: 944px) 100vw, 944px\" \/>\t\t\t\t\t\t\t\t\t\t\t\t\t\t\t<\/div>\n\t\t\t\t<\/div>\n\t\t\t\t<\/div>\n\t\t<div class=\"elementor-element elementor-element-a0cd6cd e-con-full e-flex e-con e-parent\" data-id=\"a0cd6cd\" data-element_type=\"container\" data-e-type=\"container\">\n\t\t\t\t<div class=\"elementor-element elementor-element-c899602 elementor-widget elementor-widget-heading\" data-id=\"c899602\" data-element_type=\"widget\" data-e-type=\"widget\" data-widget_type=\"heading.default\">\n\t\t\t\t<div class=\"elementor-widget-container\">\n\t\t\t\t\t<h2 class=\"elementor-heading-title elementor-size-default\">TV Connector<\/h2>\t\t\t\t<\/div>\n\t\t\t\t<\/div>\n\t\t\t\t<div class=\"elementor-element elementor-element-4aeb3c4 elementor-widget elementor-widget-text-editor\" data-id=\"4aeb3c4\" data-element_type=\"widget\" data-e-type=\"widget\" data-widget_type=\"text-editor.default\">\n\t\t\t\t<div class=\"elementor-widget-container\">\n\t\t\t\t\t\t\t\t\t<p>O TV Connector \u00e9 um dispositivo de \u00e1udio <strong>f\u00e1cil de configurar<\/strong>, usado em conjunto com seus aparelhos auditivos. Seu novo e exclusivo protocolo de transmiss\u00e3o de 2,4 GHz proporciona transmiss\u00e3o de \u00e1udio com excelente qualidade sonora e sem atraso percept\u00edvel.<\/p>\t\t\t\t\t\t\t\t<\/div>\n\t\t\t\t<\/div>\n\t\t\t\t<div class=\"elementor-element elementor-element-fa904bb elementor-align-left elementor-widget elementor-widget-button\" data-id=\"fa904bb\" data-element_type=\"widget\" data-e-type=\"widget\" data-widget_type=\"button.default\">\n\t\t\t\t<div class=\"elementor-widget-container\">\n\t\t\t\t\t\t\t\t\t<div class=\"elementor-button-wrapper\">\n\t\t\t\t\t<a class=\"elementor-button elementor-button-link elementor-size-sm\" href=\"#elementor-action%3Aaction%3Dpopup%3Aopen%26settings%3DeyJpZCI6IjU1MSIsInRvZ2dsZSI6ZmFsc2V9\">\n\t\t\t\t\t\t<span class=\"elementor-button-content-wrapper\">\n\t\t\t\t\t\t\t\t\t<span class=\"elementor-button-text\">Agendar Teste Gratuito<\/span>\n\t\t\t\t\t<\/span>\n\t\t\t\t\t<\/a>\n\t\t\t\t<\/div>\n\t\t\t\t\t\t\t\t<\/div>\n\t\t\t\t<\/div>\n\t\t\t\t<\/div>\n\t\t\t\t\t<\/div>\n\t\t\t\t<\/div>\n\t\t<div class=\"elementor-element elementor-element-e3aeece e-flex e-con-boxed e-con e-parent\" data-id=\"e3aeece\" data-element_type=\"container\" data-e-type=\"container\">\n\t\t\t\t\t<div class=\"e-con-inner\">\n\t\t<div class=\"elementor-element elementor-element-7bfbc17 e-con-full e-flex e-con e-parent\" data-id=\"7bfbc17\" data-element_type=\"container\" data-e-type=\"container\">\n\t\t\t\t<div class=\"elementor-element elementor-element-5029679 elementor-widget elementor-widget-heading\" data-id=\"5029679\" data-element_type=\"widget\" data-e-type=\"widget\" data-widget_type=\"heading.default\">\n\t\t\t\t<div class=\"elementor-widget-container\">\n\t\t\t\t\t<h2 class=\"elementor-heading-title elementor-size-default\">Desumidificador El\u00e9trico<\/h2>\t\t\t\t<\/div>\n\t\t\t\t<\/div>\n\t\t\t\t<div class=\"elementor-element elementor-element-87f5475 elementor-widget elementor-widget-text-editor\" data-id=\"87f5475\" data-element_type=\"widget\" data-e-type=\"widget\" data-widget_type=\"text-editor.default\">\n\t\t\t\t<div class=\"elementor-widget-container\">\n\t\t\t\t\t\t\t\t\t<p>Usar o desumidificador el\u00e9trico \u00e9 um cuidado <strong>indispens\u00e1vel para proteger os aparelhos auditivos<\/strong> dos riscos que o excesso de umidade proveniente do ar, da transpira\u00e7\u00e3o, da oleosidade e do cer\u00famen pode provocar. Al\u00e9m de retirar a umidade, possui a\u00e7\u00e3o anti germes por luz ultravioleta.<\/p>\t\t\t\t\t\t\t\t<\/div>\n\t\t\t\t<\/div>\n\t\t\t\t<div class=\"elementor-element elementor-element-d7ea0db elementor-align-left elementor-widget elementor-widget-button\" data-id=\"d7ea0db\" data-element_type=\"widget\" data-e-type=\"widget\" data-widget_type=\"button.default\">\n\t\t\t\t<div class=\"elementor-widget-container\">\n\t\t\t\t\t\t\t\t\t<div class=\"elementor-button-wrapper\">\n\t\t\t\t\t<a class=\"elementor-button elementor-button-link elementor-size-sm\" href=\"#elementor-action%3Aaction%3Dpopup%3Aopen%26settings%3DeyJpZCI6IjU1MSIsInRvZ2dsZSI6ZmFsc2V9\">\n\t\t\t\t\t\t<span class=\"elementor-button-content-wrapper\">\n\t\t\t\t\t\t\t\t\t<span class=\"elementor-button-text\">Agendar Teste Gratuito<\/span>\n\t\t\t\t\t<\/span>\n\t\t\t\t\t<\/a>\n\t\t\t\t<\/div>\n\t\t\t\t\t\t\t\t<\/div>\n\t\t\t\t<\/div>\n\t\t\t\t<\/div>\n\t\t<div class=\"elementor-element elementor-element-f39f104 e-con-full e-flex e-con e-parent\" data-id=\"f39f104\" data-element_type=\"container\" data-e-type=\"container\">\n\t\t\t\t<div class=\"elementor-element elementor-element-5a48665 elementor-widget elementor-widget-image\" data-id=\"5a48665\" data-element_type=\"widget\" data-e-type=\"widget\" data-widget_type=\"image.default\">\n\t\t\t\t<div class=\"elementor-widget-container\">\n\t\t\t\t\t\t\t\t\t\t\t\t\t\t\t<img decoding=\"async\" width=\"944\" height=\"612\" src=\"https:\/\/timpany.com.br\/wp-content\/uploads\/2023\/04\/produtos-acessorios-desumidificador-eletrico.jpg\" class=\"attachment-full size-full wp-image-1143\" alt=\"\" srcset=\"https:\/\/timpany.com.br\/wp-content\/uploads\/2023\/04\/produtos-acessorios-desumidificador-eletrico.jpg 944w, https:\/\/timpany.com.br\/wp-content\/uploads\/2023\/04\/produtos-acessorios-desumidificador-eletrico-300x194.jpg 300w, https:\/\/timpany.com.br\/wp-content\/uploads\/2023\/04\/produtos-acessorios-desumidificador-eletrico-768x498.jpg 768w\" sizes=\"(max-width: 944px) 100vw, 944px\" \/>\t\t\t\t\t\t\t\t\t\t\t\t\t\t\t<\/div>\n\t\t\t\t<\/div>\n\t\t\t\t<\/div>\n\t\t\t\t\t<\/div>\n\t\t\t\t<\/div>\n\t\t<div class=\"elementor-element elementor-element-8179700 e-flex e-con-boxed e-con e-parent\" data-id=\"8179700\" data-element_type=\"container\" data-e-type=\"container\" data-settings=\"{&quot;background_background&quot;:&quot;classic&quot;,&quot;shape_divider_top&quot;:&quot;arrow&quot;}\">\n\t\t\t\t\t<div class=\"e-con-inner\">\n\t\t\t\t<div class=\"elementor-shape elementor-shape-top\" aria-hidden=\"true\" data-negative=\"false\">\n\t\t\t<svg xmlns=\"http:\/\/www.w3.org\/2000\/svg\" viewBox=\"0 0 700 10\" preserveAspectRatio=\"none\">\n\t<path class=\"elementor-shape-fill\" d=\"M350,10L340,0h20L350,10z\"\/>\n<\/svg>\t\t<\/div>\n\t\t\t\t<div class=\"elementor-element elementor-element-c7bb4c3 elementor-widget__width-inherit elementor-widget elementor-widget-heading\" data-id=\"c7bb4c3\" data-element_type=\"widget\" data-e-type=\"widget\" data-widget_type=\"heading.default\">\n\t\t\t\t<div class=\"elementor-widget-container\">\n\t\t\t\t\t<h2 class=\"elementor-heading-title elementor-size-default\">Agende sua Consulta!<\/h2>\t\t\t\t<\/div>\n\t\t\t\t<\/div>\n\t\t<div class=\"elementor-element elementor-element-0f14a81 e-con-full e-flex e-con e-parent\" data-id=\"0f14a81\" data-element_type=\"container\" data-e-type=\"container\">\n\t\t\t\t<div class=\"elementor-element elementor-element-9b9b8dd elementor-widget elementor-widget-image\" data-id=\"9b9b8dd\" data-element_type=\"widget\" data-e-type=\"widget\" data-widget_type=\"image.default\">\n\t\t\t\t<div class=\"elementor-widget-container\">\n\t\t\t\t\t\t\t\t\t\t\t\t\t\t\t<img loading=\"lazy\" decoding=\"async\" width=\"944\" height=\"612\" src=\"https:\/\/timpany.com.br\/wp-content\/uploads\/2023\/04\/timpany-fachada.jpg\" class=\"attachment-full size-full wp-image-893\" alt=\"\" srcset=\"https:\/\/timpany.com.br\/wp-content\/uploads\/2023\/04\/timpany-fachada.jpg 944w, https:\/\/timpany.com.br\/wp-content\/uploads\/2023\/04\/timpany-fachada-300x194.jpg 300w, https:\/\/timpany.com.br\/wp-content\/uploads\/2023\/04\/timpany-fachada-768x498.jpg 768w\" sizes=\"(max-width: 944px) 100vw, 944px\" \/>\t\t\t\t\t\t\t\t\t\t\t\t\t\t\t<\/div>\n\t\t\t\t<\/div>\n\t\t\t\t<\/div>\n\t\t<div class=\"elementor-element elementor-element-2f7402d e-con-full e-flex e-con e-parent\" data-id=\"2f7402d\" data-element_type=\"container\" data-e-type=\"container\">\n\t\t\t\t<div class=\"elementor-element elementor-element-7d6ee12 elementor-widget elementor-widget-text-editor\" data-id=\"7d6ee12\" data-element_type=\"widget\" data-e-type=\"widget\" data-widget_type=\"text-editor.default\">\n\t\t\t\t<div class=\"elementor-widget-container\">\n\t\t\t\t\t\t\t\t\t<p>A Timpany \u00e9 uma empresa do ramo de aparelhos auditivos que nasceu da vontade de proporcionar \u00e0s pessoas, portadoras de dificuldades auditivas, a solu\u00e7\u00e3o auditiva mais adequada, <strong>melhorando a qualidade de vida<\/strong>.<\/p><p>Sabemos a import\u00e2ncia da audi\u00e7\u00e3o em nossas vidas e que a falta dela gera muita dificuldade de comunica\u00e7\u00e3o. Portanto, nosso objetivo \u00e9 trazer a pessoa com dificuldade auditiva de volta ao mundo da comunica\u00e7\u00e3o verbal.<\/p>\t\t\t\t\t\t\t\t<\/div>\n\t\t\t\t<\/div>\n\t\t\t\t<div class=\"elementor-element elementor-element-7a91ea5 elementor-align-left elementor-widget elementor-widget-button\" data-id=\"7a91ea5\" data-element_type=\"widget\" data-e-type=\"widget\" data-widget_type=\"button.default\">\n\t\t\t\t<div class=\"elementor-widget-container\">\n\t\t\t\t\t\t\t\t\t<div class=\"elementor-button-wrapper\">\n\t\t\t\t\t<a class=\"elementor-button elementor-button-link elementor-size-sm\" href=\"#elementor-action%3Aaction%3Dpopup%3Aopen%26settings%3DeyJpZCI6IjUwNiIsInRvZ2dsZSI6ZmFsc2V9\">\n\t\t\t\t\t\t<span class=\"elementor-button-content-wrapper\">\n\t\t\t\t\t\t\t\t\t<span class=\"elementor-button-text\">Agendar Consulta<\/span>\n\t\t\t\t\t<\/span>\n\t\t\t\t\t<\/a>\n\t\t\t\t<\/div>\n\t\t\t\t\t\t\t\t<\/div>\n\t\t\t\t<\/div>\n\t\t\t\t<\/div>\n\t\t\t\t\t<\/div>\n\t\t\t\t<\/div>\n\t\t\t\t<\/div>\n\t\t","protected":false},"excerpt":{"rendered":"<p>Pilhas e Acess\u00f3rios Pilhas para Aparelhos Auditivos As pilhas de Zinco-Ar (zinc-air) s\u00e3o espec\u00edficas para aparelhos auditivos, permitindo maior desempenho e melhor funcionamento. Ativadas em contato com o ar, existem quatro tamanhos: 675 (embalagem azul) 13 (embalagem laranja) 312 (embalagem marrom) 10 (embalagem amarela) TV Connector O TV Connector \u00e9 um dispositivo de \u00e1udio f\u00e1cil [&hellip;]<\/p>\n","protected":false},"author":1,"featured_media":0,"parent":0,"menu_order":0,"comment_status":"closed","ping_status":"closed","template":"elementor_header_footer","meta":{"footnotes":""},"class_list":["post-454","page","type-page","status-publish","hentry"],"_links":{"self":[{"href":"https:\/\/timpany.com.br\/index.php?rest_route=\/wp\/v2\/pages\/454","targetHints":{"allow":["GET"]}}],"collection":[{"href":"https:\/\/timpany.com.br\/index.php?rest_route=\/wp\/v2\/pages"}],"about":[{"href":"https:\/\/timpany.com.br\/index.php?rest_route=\/wp\/v2\/types\/page"}],"author":[{"embeddable":true,"href":"https:\/\/timpany.com.br\/index.php?rest_route=\/wp\/v2\/users\/1"}],"replies":[{"embeddable":true,"href":"https:\/\/timpany.com.br\/index.php?rest_route=%2Fwp%2Fv2%2Fcomments&post=454"}],"version-history":[{"count":19,"href":"https:\/\/timpany.com.br\/index.php?rest_route=\/wp\/v2\/pages\/454\/revisions"}],"predecessor-version":[{"id":1146,"href":"https:\/\/timpany.com.br\/index.php?rest_route=\/wp\/v2\/pages\/454\/revisions\/1146"}],"wp:attachment":[{"href":"https:\/\/timpany.com.br\/index.php?rest_route=%2Fwp%2Fv2%2Fmedia&parent=454"}],"curies":[{"name":"wp","href":"https:\/\/api.w.org\/{rel}","templated":true}]}}